{"id":6722,"date":"2025-06-01T19:53:00","date_gmt":"2025-06-01T17:53:00","guid":{"rendered":"https:\/\/bigsheep.si\/?page_id=6722"},"modified":"2025-06-01T19:58:00","modified_gmt":"2025-06-01T17:58:00","slug":"dostava","status":"publish","type":"page","link":"https:\/\/bigsheep.si\/en\/dostava\/","title":{"rendered":"Delivery"},"content":{"rendered":"<div data-elementor-type=\"wp-page\" data-elementor-id=\"6722\" class=\"elementor elementor-6722\" data-elementor-post-type=\"page\">\n\t\t\t\t\t\t<section class=\"elementor-section elementor-top-section elementor-element elementor-element-a1e7b7d elementor-section-boxed elementor-section-height-default elementor-section-height-default\" data-id=\"a1e7b7d\" data-element_type=\"section\" data-e-type=\"section\">\n\t\t\t\t\t\t<div class=\"elementor-container elementor-column-gap-default\">\n\t\t\t\t\t<div class=\"elementor-column elementor-col-100 elementor-top-column elementor-element elementor-element-aad79f0\" data-id=\"aad79f0\" data-element_type=\"column\" data-e-type=\"column\">\n\t\t\t<div class=\"elementor-widget-wrap elementor-element-populated\">\n\t\t\t\t\t\t<div class=\"elementor-element elementor-element-efe9379 elementor-widget elementor-widget-text-editor\" data-id=\"efe9379\" data-element_type=\"widget\" data-e-type=\"widget\" data-widget_type=\"text-editor.default\">\n\t\t\t\t<div class=\"elementor-widget-container\">\n\t\t\t\t\t\t\t\t\t<p>Delivery<\/p>\t\t\t\t\t\t\t\t<\/div>\n\t\t\t\t<\/div>\n\t\t\t\t\t<\/div>\n\t\t<\/div>\n\t\t\t\t\t<\/div>\n\t\t<\/section>\n\t\t\t\t<section class=\"elementor-section elementor-top-section elementor-element elementor-element-2126a48 elementor-section-boxed elementor-section-height-default elementor-section-height-default\" data-id=\"2126a48\" data-element_type=\"section\" data-e-type=\"section\">\n\t\t\t\t\t\t<div class=\"elementor-container elementor-column-gap-default\">\n\t\t\t\t\t<div class=\"elementor-column elementor-col-100 elementor-top-column elementor-element elementor-element-582e809\" data-id=\"582e809\" data-element_type=\"column\" data-e-type=\"column\">\n\t\t\t<div class=\"elementor-widget-wrap elementor-element-populated\">\n\t\t\t\t\t\t<div class=\"elementor-element elementor-element-85e7b81 elementor-widget elementor-widget-text-editor\" data-id=\"85e7b81\" data-element_type=\"widget\" data-e-type=\"widget\" data-widget_type=\"text-editor.default\">\n\t\t\t\t<div class=\"elementor-widget-container\">\n\t\t\t\t\t\t\t\t\t<p>Packages are usually shipped within 2-8 business days after receipt of payment and are sent via registered mail via Po\u0161ta Slovenije.<\/p><p>Shipping costs include handling and packaging costs and postage costs. Handling costs are fixed, while shipping costs vary depending on the total weight of the shipment. We advise you to combine your items into one order. We cannot combine two different orders placed separately, so shipping costs will apply to each of them. Your package will be shipped at your own risk, but special care is taken to protect fragile items.<\/p>\t\t\t\t\t\t\t\t<\/div>\n\t\t\t\t<\/div>\n\t\t\t\t\t<\/div>\n\t\t<\/div>\n\t\t\t\t\t<\/div>\n\t\t<\/section>\n\t\t\t\t<section class=\"elementor-section elementor-top-section elementor-element elementor-element-366ca6b elementor-section-boxed elementor-section-height-default elementor-section-height-default\" data-id=\"366ca6b\" data-element_type=\"section\" data-e-type=\"section\">\n\t\t\t\t\t\t<div class=\"elementor-container elementor-column-gap-default\">\n\t\t\t\t\t<div class=\"elementor-column elementor-col-100 elementor-top-column elementor-element elementor-element-492909f\" data-id=\"492909f\" data-element_type=\"column\" data-e-type=\"column\">\n\t\t\t<div class=\"elementor-widget-wrap elementor-element-populated\">\n\t\t\t\t\t\t<div class=\"elementor-element elementor-element-fe2abf7 elementor-widget elementor-widget-image\" data-id=\"fe2abf7\" data-element_type=\"widget\" data-e-type=\"widget\" data-widget_type=\"image.default\">\n\t\t\t\t<div class=\"elementor-widget-container\">\n\t\t\t\t\t\t\t\t\t\t\t\t\t\t\t\t<a href=\"https:\/\/bigsheep.si\/en\/\">\n\t\t\t\t\t\t\t<img decoding=\"async\" width=\"150\" height=\"150\" src=\"https:\/\/bigsheep.si\/wp-content\/uploads\/2020\/11\/PSX_20201108_201240-150x150.jpg\" class=\"attachment-thumbnail size-thumbnail wp-image-546\" alt=\"\" srcset=\"https:\/\/bigsheep.si\/wp-content\/uploads\/2020\/11\/PSX_20201108_201240-150x150.jpg 150w, https:\/\/bigsheep.si\/wp-content\/uploads\/2020\/11\/PSX_20201108_201240-300x300.jpg 300w, https:\/\/bigsheep.si\/wp-content\/uploads\/2020\/11\/PSX_20201108_201240-100x100.jpg 100w, https:\/\/bigsheep.si\/wp-content\/uploads\/2020\/11\/PSX_20201108_201240-600x603.jpg 600w, https:\/\/bigsheep.si\/wp-content\/uploads\/2020\/11\/PSX_20201108_201240-298x300.jpg 298w, https:\/\/bigsheep.si\/wp-content\/uploads\/2020\/11\/PSX_20201108_201240-768x772.jpg 768w, https:\/\/bigsheep.si\/wp-content\/uploads\/2020\/11\/PSX_20201108_201240.jpg 949w\" sizes=\"(max-width: 150px) 100vw, 150px\" \/>\t\t\t\t\t\t\t\t<\/a>\n\t\t\t\t\t\t\t\t\t\t\t\t\t\t\t<\/div>\n\t\t\t\t<\/div>\n\t\t\t\t\t<\/div>\n\t\t<\/div>\n\t\t\t\t\t<\/div>\n\t\t<\/section>\n\t\t\t\t<\/div>","protected":false},"excerpt":{"rendered":"<p>Dostava Paketi so obi\u010dajno odposlani v 2-8 delovnih dneh po prejemu pla\u010dila in so poslani preko Po\u0161te Slovenije priporo\u010deno. Stro\u0161ki po\u0161iljanja vklju\u010dujejo stro\u0161ke obdelave in pakiranja ter stro\u0161ke po\u0161tnine. Manipulacijski stro\u0161ki so fiksni, transportni stro\u0161ki pa se razlikujejo glede na skupno te\u017eo po\u0161iljke. Svetujemo vam, da svoje artikle zdru\u017eite v eno naro\u010dilo. Dveh razli\u010dnih naro\u010dil, [&hellip;]<\/p>\n","protected":false},"author":1,"featured_media":0,"parent":0,"menu_order":0,"comment_status":"closed","ping_status":"closed","template":"","meta":{"site-sidebar-layout":"no-sidebar","site-content-layout":"page-builder","ast-site-content-layout":"full-width-container","site-content-style":"default","site-sidebar-style":"default","ast-global-header-display":"","ast-banner-title-visibility":"","ast-main-header-display":"","ast-hfb-above-header-display":"","ast-hfb-below-header-display":"","ast-hfb-mobile-header-display":"","site-post-title":"disabled","ast-breadcrumbs-content":"","ast-featured-img":"disabled","footer-sml-layout":"","ast-disable-related-posts":"","theme-transparent-header-meta":"","adv-header-id-meta":"","stick-header-meta":"","header-above-stick-meta":"","header-main-stick-meta":"","header-below-stick-meta":"","astra-migrate-meta-layouts":"set","ast-page-background-enabled":"default","ast-page-background-meta":{"desktop":{"background-color":"","background-image":"","background-repeat":"repeat","background-position":"center center","background-size":"auto","background-attachment":"scroll","background-type":"","background-media":"","overlay-type":"","overlay-color":"","overlay-opacity":"","overlay-gradient":""},"tablet":{"background-color":"","background-image":"","background-repeat":"repeat","background-position":"center center","background-size":"auto","background-attachment":"scroll","background-type":"","background-media":"","overlay-type":"","overlay-color":"","overlay-opacity":"","overlay-gradient":""},"mobile":{"background-color":"","background-image":"","background-repeat":"repeat","background-position":"center center","background-size":"auto","background-attachment":"scroll","background-type":"","background-media":"","overlay-type":"","overlay-color":"","overlay-opacity":"","overlay-gradient":""}},"ast-content-background-meta":{"desktop":{"background-color":"var(--ast-global-color-5)","background-image":"","background-repeat":"repeat","background-position":"center center","background-size":"auto","background-attachment":"scroll","background-type":"","background-media":"","overlay-type":"","overlay-color":"","overlay-opacity":"","overlay-gradient":""},"tablet":{"background-color":"var(--ast-global-color-5)","background-image":"","background-repeat":"repeat","background-position":"center center","background-size":"auto","background-attachment":"scroll","background-type":"","background-media":"","overlay-type":"","overlay-color":"","overlay-opacity":"","overlay-gradient":""},"mobile":{"background-color":"var(--ast-global-color-5)","background-image":"","background-repeat":"repeat","background-position":"center center","background-size":"auto","background-attachment":"scroll","background-type":"","background-media":"","overlay-type":"","overlay-color":"","overlay-opacity":"","overlay-gradient":""}},"footnotes":""},"class_list":["post-6722","page","type-page","status-publish","hentry"],"_links":{"self":[{"href":"https:\/\/bigsheep.si\/en\/wp-json\/wp\/v2\/pages\/6722","targetHints":{"allow":["GET"]}}],"collection":[{"href":"https:\/\/bigsheep.si\/en\/wp-json\/wp\/v2\/pages"}],"about":[{"href":"https:\/\/bigsheep.si\/en\/wp-json\/wp\/v2\/types\/page"}],"author":[{"embeddable":true,"href":"https:\/\/bigsheep.si\/en\/wp-json\/wp\/v2\/users\/1"}],"replies":[{"embeddable":true,"href":"https:\/\/bigsheep.si\/en\/wp-json\/wp\/v2\/comments?post=6722"}],"version-history":[{"count":5,"href":"https:\/\/bigsheep.si\/en\/wp-json\/wp\/v2\/pages\/6722\/revisions"}],"predecessor-version":[{"id":6727,"href":"https:\/\/bigsheep.si\/en\/wp-json\/wp\/v2\/pages\/6722\/revisions\/6727"}],"wp:attachment":[{"href":"https:\/\/bigsheep.si\/en\/wp-json\/wp\/v2\/media?parent=6722"}],"curies":[{"name":"wp","href":"https:\/\/api.w.org\/{rel}","templated":true}]}}